{"id":8,"date":"2011-01-14T16:41:43","date_gmt":"2011-01-14T14:41:43","guid":{"rendered":"http:\/\/www.satsilem.com\/hotelafroditi\/"},"modified":"2011-03-15T10:48:28","modified_gmt":"2011-03-15T08:48:28","slug":"%ce%b4%cf%89%ce%bc%ce%ac%cf%84%ce%b9%ce%b1","status":"publish","type":"page","link":"https:\/\/www.hotelafroditi.com\/de\/%cf%84%ce%bf-%ce%be%ce%b5%ce%bd%ce%bf%ce%b4%ce%bf%cf%87%ce%b5%ce%af%ce%bf\/%ce%b4%cf%89%ce%bc%ce%ac%cf%84%ce%b9%ce%b1\/","title":{"rendered":"Die Zimmer"},"content":{"rendered":"<p>43 Doppel-, Dreibett- wie Vierbettzimmer unseres Hotels hei\u00dfen Sie und Ihre Familie bzw. Ihre Freunde willkommen, geeignet f\u00fcr Ihre Sommerferien, f\u00fcr Ihren Winterausflug in die Gebirgsregion Nafpaktia, oder f\u00fcr Ihre Gesch\u00e4ftsreise. Alle Zimmer verf\u00fcgen \u00fcber Bad, Klimaanlage, Fernseher und gro\u00dfer Veranda mit Aussicht. Dar\u00fcber hinaus gibt es in unserem Hotel drei Suiten mit Wohnzimmer f\u00fcr diejenigen, die \u00e4u\u00dfersten Komfort w\u00fcnschen.<\/p>","protected":false},"excerpt":{"rendered":"<p>43 Doppel-, Dreibett- wie Vierbettzimmer unseres Hotels hei\u00dfen Sie und Ihre Familie bzw. Ihre Freunde willkommen, geeignet f\u00fcr Ihre Sommerferien, f\u00fcr Ihren Winterausflug in die Gebirgsregion Nafpaktia, oder f\u00fcr Ihre Gesch\u00e4ftsreise. Alle Zimmer verf\u00fcgen \u00fcber Bad, Klimaanlage, Fernseher und gro\u00dfer Veranda mit Aussicht. Dar\u00fcber hinaus gibt es in unserem Hotel drei Suiten mit Wohnzimmer f\u00fcr [&hellip;]<\/p>\n","protected":false},"author":1,"featured_media":0,"parent":6,"menu_order":0,"comment_status":"closed","ping_status":"closed","template":"","meta":{"footnotes":""},"class_list":["post-8","page","type-page","status-publish","hentry"],"_links":{"self":[{"href":"https:\/\/www.hotelafroditi.com\/de\/wp-json\/wp\/v2\/pages\/8","targetHints":{"allow":["GET"]}}],"collection":[{"href":"https:\/\/www.hotelafroditi.com\/de\/wp-json\/wp\/v2\/pages"}],"about":[{"href":"https:\/\/www.hotelafroditi.com\/de\/wp-json\/wp\/v2\/types\/page"}],"author":[{"embeddable":true,"href":"https:\/\/www.hotelafroditi.com\/de\/wp-json\/wp\/v2\/users\/1"}],"replies":[{"embeddable":true,"href":"https:\/\/www.hotelafroditi.com\/de\/wp-json\/wp\/v2\/comments?post=8"}],"version-history":[{"count":4,"href":"https:\/\/www.hotelafroditi.com\/de\/wp-json\/wp\/v2\/pages\/8\/revisions"}],"predecessor-version":[{"id":173,"href":"https:\/\/www.hotelafroditi.com\/de\/wp-json\/wp\/v2\/pages\/8\/revisions\/173"}],"up":[{"embeddable":true,"href":"https:\/\/www.hotelafroditi.com\/de\/wp-json\/wp\/v2\/pages\/6"}],"wp:attachment":[{"href":"https:\/\/www.hotelafroditi.com\/de\/wp-json\/wp\/v2\/media?parent=8"}],"curies":[{"name":"wp","href":"https:\/\/api.w.org\/{rel}","templated":true}]}}