{"id":22,"date":"2011-01-14T16:50:45","date_gmt":"2011-01-14T14:50:45","guid":{"rendered":"http:\/\/www.satsilem.com\/hotelafroditi\/"},"modified":"2011-03-15T11:42:15","modified_gmt":"2011-03-15T09:42:15","slug":"%cf%80%cf%8e%cf%82-%ce%b8%ce%b1-%ce%ad%cf%81%ce%b8%ce%b5%cf%84%ce%b5","status":"publish","type":"page","link":"https:\/\/www.hotelafroditi.com\/de\/%cf%80%ce%b5%cf%81%ce%b9%ce%bf%cf%87%ce%ae\/%cf%80%cf%8e%cf%82-%ce%b8%ce%b1-%ce%ad%cf%81%ce%b8%ce%b5%cf%84%ce%b5\/","title":{"rendered":"Wie erreichen Sie uns?"},"content":{"rendered":"<p>Gerade mal zwei Stunden von Athen entfernt, entspricht Nafpaktos Ihr n\u00e4chstes Ziel eines gr\u00f6\u00dferen Ausflugs. \u00dcber die Nationalstrassen Athen \u2013 Korinth und Korinth \u2013 Patras fahren Sie anschlie\u00dfend \u00fcber die gr\u00f6\u00dfte Stahlkabelbr\u00fccke Griechenlands von Rio nach Antirrio und innerhalb einer Viertelstunde befinden Sie sich in Nafpaktos. Andererseits k\u00f6nnen Sie auch \u00fcber den Regierungsbezirk Fokida anreisen, also \u00fcber Delphi, Galaxidi und die K\u00fcstenortschaften von Fokida. Das ist zwar eine l\u00e4nger dauernde Fahrt, die Sie daf\u00fcr aber mit der Sch\u00f6nheit der Landschaft entsch\u00e4digt. F\u00fcr Besucher aus dem Ausland besteht au\u00dfer der Flugverbindung mittels dem Athener Flughafen \u201aEleftherios Venizelos\u2019 die M\u00f6glichkeit, Nafpaktos von Italien aus auf dem Seeweg \u00fcber den Hafen von Patras zu erreichen.<\/p>","protected":false},"excerpt":{"rendered":"<p>Gerade mal zwei Stunden von Athen entfernt, entspricht Nafpaktos Ihr n\u00e4chstes Ziel eines gr\u00f6\u00dferen Ausflugs. \u00dcber die Nationalstrassen Athen \u2013 Korinth und Korinth \u2013 Patras fahren Sie anschlie\u00dfend \u00fcber die gr\u00f6\u00dfte Stahlkabelbr\u00fccke Griechenlands von Rio nach Antirrio und innerhalb einer Viertelstunde befinden Sie sich in Nafpaktos. Andererseits k\u00f6nnen Sie auch \u00fcber den Regierungsbezirk Fokida anreisen, [&hellip;]<\/p>\n","protected":false},"author":1,"featured_media":0,"parent":14,"menu_order":0,"comment_status":"closed","ping_status":"closed","template":"page-travelinfo.php","meta":{"footnotes":""},"class_list":["post-22","page","type-page","status-publish","hentry"],"_links":{"self":[{"href":"https:\/\/www.hotelafroditi.com\/de\/wp-json\/wp\/v2\/pages\/22","targetHints":{"allow":["GET"]}}],"collection":[{"href":"https:\/\/www.hotelafroditi.com\/de\/wp-json\/wp\/v2\/pages"}],"about":[{"href":"https:\/\/www.hotelafroditi.com\/de\/wp-json\/wp\/v2\/types\/page"}],"author":[{"embeddable":true,"href":"https:\/\/www.hotelafroditi.com\/de\/wp-json\/wp\/v2\/users\/1"}],"replies":[{"embeddable":true,"href":"https:\/\/www.hotelafroditi.com\/de\/wp-json\/wp\/v2\/comments?post=22"}],"version-history":[{"count":2,"href":"https:\/\/www.hotelafroditi.com\/de\/wp-json\/wp\/v2\/pages\/22\/revisions"}],"predecessor-version":[{"id":103,"href":"https:\/\/www.hotelafroditi.com\/de\/wp-json\/wp\/v2\/pages\/22\/revisions\/103"}],"up":[{"embeddable":true,"href":"https:\/\/www.hotelafroditi.com\/de\/wp-json\/wp\/v2\/pages\/14"}],"wp:attachment":[{"href":"https:\/\/www.hotelafroditi.com\/de\/wp-json\/wp\/v2\/media?parent=22"}],"curies":[{"name":"wp","href":"https:\/\/api.w.org\/{rel}","templated":true}]}}