{"id":20,"date":"2011-01-14T16:50:05","date_gmt":"2011-01-14T14:50:05","guid":{"rendered":"http:\/\/www.satsilem.com\/hotelafroditi\/"},"modified":"2011-03-15T10:55:20","modified_gmt":"2011-03-15T08:55:20","slug":"%cf%80%ce%b1%cf%81%ce%b1%ce%bb%ce%b9%ce%b1%ce%ba%ce%ae-%ce%b4%cf%89%cf%81%ce%af%ce%b4%ce%b1","status":"publish","type":"page","link":"https:\/\/www.hotelafroditi.com\/de\/%cf%80%ce%b5%cf%81%ce%b9%ce%bf%cf%87%ce%ae\/%cf%80%ce%b1%cf%81%ce%b1%ce%bb%ce%b9%ce%b1%ce%ba%ce%ae-%ce%b4%cf%89%cf%81%ce%af%ce%b4%ce%b1\/","title":{"rendered":"Das K\u00fcstengebiet von Dorida"},"content":{"rendered":"<p>Im Abstand von nur eine Viertelstunde mit dem Auto k\u00f6nnen Sie einige der malerischen K\u00fcstend\u00f6rfer von Dorida besuchen. Chiliadou, Monastiraki, Skaloma, Marathias, Paralia Sergoulas und die kleine Insel Trisonia z\u00e4hlen zu den sch\u00f6nsten St\u00e4tten am Golf von Korinthien, nicht nur ihrer sch\u00f6nen Str\u00e4nden wegen. Mit dem Hotel Aphrodite als ihrem St\u00fctzpunkt werden Sie nicht nur die Sch\u00f6nheit von Nafpaktos entdecken, sondern auch den Charme der kleinen K\u00fcstend\u00f6rfer am Golf von Korinthien, in einem Teil des Golfes, der ber\u00fchmt ist f\u00fcr seine klare Gew\u00e4sser, seine sch\u00f6ne Str\u00e4nde mit pittoresken Ortschaften.<\/p>","protected":false},"excerpt":{"rendered":"<p>Im Abstand von nur eine Viertelstunde mit dem Auto k\u00f6nnen Sie einige der malerischen K\u00fcstend\u00f6rfer von Dorida besuchen. Chiliadou, Monastiraki, Skaloma, Marathias, Paralia Sergoulas und die kleine Insel Trisonia z\u00e4hlen zu den sch\u00f6nsten St\u00e4tten am Golf von Korinthien, nicht nur ihrer sch\u00f6nen Str\u00e4nden wegen. Mit dem Hotel Aphrodite als ihrem St\u00fctzpunkt werden Sie nicht nur [&hellip;]<\/p>\n","protected":false},"author":1,"featured_media":0,"parent":14,"menu_order":0,"comment_status":"closed","ping_status":"closed","template":"","meta":{"footnotes":""},"class_list":["post-20","page","type-page","status-publish","hentry"],"_links":{"self":[{"href":"https:\/\/www.hotelafroditi.com\/de\/wp-json\/wp\/v2\/pages\/20","targetHints":{"allow":["GET"]}}],"collection":[{"href":"https:\/\/www.hotelafroditi.com\/de\/wp-json\/wp\/v2\/pages"}],"about":[{"href":"https:\/\/www.hotelafroditi.com\/de\/wp-json\/wp\/v2\/types\/page"}],"author":[{"embeddable":true,"href":"https:\/\/www.hotelafroditi.com\/de\/wp-json\/wp\/v2\/users\/1"}],"replies":[{"embeddable":true,"href":"https:\/\/www.hotelafroditi.com\/de\/wp-json\/wp\/v2\/comments?post=20"}],"version-history":[{"count":1,"href":"https:\/\/www.hotelafroditi.com\/de\/wp-json\/wp\/v2\/pages\/20\/revisions"}],"predecessor-version":[{"id":79,"href":"https:\/\/www.hotelafroditi.com\/de\/wp-json\/wp\/v2\/pages\/20\/revisions\/79"}],"up":[{"embeddable":true,"href":"https:\/\/www.hotelafroditi.com\/de\/wp-json\/wp\/v2\/pages\/14"}],"wp:attachment":[{"href":"https:\/\/www.hotelafroditi.com\/de\/wp-json\/wp\/v2\/media?parent=20"}],"curies":[{"name":"wp","href":"https:\/\/api.w.org\/{rel}","templated":true}]}}