{"id":18,"date":"2011-01-14T16:47:50","date_gmt":"2011-01-14T14:47:50","guid":{"rendered":"http:\/\/www.satsilem.com\/hotelafroditi\/"},"modified":"2011-03-15T10:56:26","modified_gmt":"2011-03-15T08:56:26","slug":"%ce%bf%cf%81%ce%b5%ce%b9%ce%bd%ce%ae-%ce%bd%ce%b1%cf%85%cf%80%ce%b1%ce%ba%cf%84%ce%af%ce%b1","status":"publish","type":"page","link":"https:\/\/www.hotelafroditi.com\/de\/%cf%80%ce%b5%cf%81%ce%b9%ce%bf%cf%87%ce%ae\/%ce%bf%cf%81%ce%b5%ce%b9%ce%bd%ce%ae-%ce%bd%ce%b1%cf%85%cf%80%ce%b1%ce%ba%cf%84%ce%af%ce%b1\/","title":{"rendered":"Das Bergland von Nafpaktia"},"content":{"rendered":"<p>Eines der bekanntesten Reiseziele Griechenlands, das Bergland von Nafpaktia, mit dessen zauberhaften Naturlandschaften und den kleinen D\u00f6rfern erfreut sich gerne Ihren Besuch. Ano Chora, Kato Chora, Elatou, Limnista, Platanos, Ambelakiotissa sind nur einige der sch\u00f6nen, aus Naturstein hochgezogenen D\u00f6rfer von Nafpaktia, die kaum eine Stunde von Nafpaktos entfernt liegen. Verbinden Sie doch Ihren Besuch an unsere Stadt mit einem Ausflug in die Berge von Nafpaktia. Au\u00dferdem befindet sich f\u00fcr diejenigen, die gerne aktiv sind und den Sport in freier Natur lieben, in geringer Entfernung Chani Bania, das bekannt ist f\u00fcr seine Anlagen f\u00fcr Rafting und Kayak-fahren. Hotel Aphrodite wird Ihr Ausgangspunkt darstellen f\u00fcr all Ihre Ausfl\u00fcge in die umliegenden Berge.<\/p>","protected":false},"excerpt":{"rendered":"<p>Eines der bekanntesten Reiseziele Griechenlands, das Bergland von Nafpaktia, mit dessen zauberhaften Naturlandschaften und den kleinen D\u00f6rfern erfreut sich gerne Ihren Besuch. Ano Chora, Kato Chora, Elatou, Limnista, Platanos, Ambelakiotissa sind nur einige der sch\u00f6nen, aus Naturstein hochgezogenen D\u00f6rfer von Nafpaktia, die kaum eine Stunde von Nafpaktos entfernt liegen. Verbinden Sie doch Ihren Besuch an [&hellip;]<\/p>\n","protected":false},"author":1,"featured_media":0,"parent":14,"menu_order":0,"comment_status":"closed","ping_status":"closed","template":"","meta":{"footnotes":""},"class_list":["post-18","page","type-page","status-publish","hentry"],"_links":{"self":[{"href":"https:\/\/www.hotelafroditi.com\/de\/wp-json\/wp\/v2\/pages\/18","targetHints":{"allow":["GET"]}}],"collection":[{"href":"https:\/\/www.hotelafroditi.com\/de\/wp-json\/wp\/v2\/pages"}],"about":[{"href":"https:\/\/www.hotelafroditi.com\/de\/wp-json\/wp\/v2\/types\/page"}],"author":[{"embeddable":true,"href":"https:\/\/www.hotelafroditi.com\/de\/wp-json\/wp\/v2\/users\/1"}],"replies":[{"embeddable":true,"href":"https:\/\/www.hotelafroditi.com\/de\/wp-json\/wp\/v2\/comments?post=18"}],"version-history":[{"count":1,"href":"https:\/\/www.hotelafroditi.com\/de\/wp-json\/wp\/v2\/pages\/18\/revisions"}],"predecessor-version":[{"id":80,"href":"https:\/\/www.hotelafroditi.com\/de\/wp-json\/wp\/v2\/pages\/18\/revisions\/80"}],"up":[{"embeddable":true,"href":"https:\/\/www.hotelafroditi.com\/de\/wp-json\/wp\/v2\/pages\/14"}],"wp:attachment":[{"href":"https:\/\/www.hotelafroditi.com\/de\/wp-json\/wp\/v2\/media?parent=18"}],"curies":[{"name":"wp","href":"https:\/\/api.w.org\/{rel}","templated":true}]}}