{"id":16,"date":"2011-01-14T16:47:14","date_gmt":"2011-01-14T14:47:14","guid":{"rendered":"http:\/\/www.satsilem.com\/hotelafroditi\/"},"modified":"2011-03-15T10:53:50","modified_gmt":"2011-03-15T08:53:50","slug":"%ce%bd%ce%b1%cf%8d%cf%80%ce%b1%ce%ba%cf%84%ce%bf%cf%82","status":"publish","type":"page","link":"https:\/\/www.hotelafroditi.com\/de\/%cf%80%ce%b5%cf%81%ce%b9%ce%bf%cf%87%ce%ae\/%ce%bd%ce%b1%cf%8d%cf%80%ce%b1%ce%ba%cf%84%ce%bf%cf%82\/","title":{"rendered":"Nafpaktos"},"content":{"rendered":"<p>Nafpaktos ist mit seiner langen und bewegten, \u00fcber 3500-j\u00e4hrigen Geschichte die Kreishauptstadt von Nafpaktia im Regierungsbezirk Aetoloakarnanias. Dank ihrem malerischen Hafen, ihren sauberen Str\u00e4nden, ihrer Burg, ihrem Wasserreichtum, ihren jahrhundertealten Platanen ist Nafpaktos eine der sch\u00f6nsten St\u00e4dte Griechenlands. Erkunden Sie eine der sch\u00f6nsten Landschaften Griechenlands, von der Natur reichlich gesegnet. <\/p>\n<p>Besuchen Sie doch den venezianischen Hafen, besichtigen Sie die venezianische Burg, bummeln Sie durch die verkehrsfreien Gassen der Innenstadt (Stenopasaro) oder genie\u00dfen Sie Ihren Kaffee an den sch\u00f6nsten Strandpromenaden der Stadt, Gribovo und Psani. Nafpaktos ist eine lebendige Stadt mit zahlreichen kulturellen bzw. religi\u00f6sen Veranstaltungen das ganze Jahr \u00fcber, wie etwa der Karneval, die Karfreitagsprozession sowie die j\u00e4hrlich wiederkehrende Auff\u00fchrung der ber\u00fchmten Seeschlacht von Lepanto. In unserem Hotel finden Sie Stadtpl\u00e4ne, Landkarten, Routenbeschreibungen und sonstige Informationen zum bergigen Hinterland Nafpaktia sowie Informationen \u00fcber die sauberen Str\u00e4nde, von denen viele mit der Azurblauen Flagge der Europ\u00e4ischen Union ausgezeichnet worden sind.<\/p>","protected":false},"excerpt":{"rendered":"<p>Nafpaktos ist mit seiner langen und bewegten, \u00fcber 3500-j\u00e4hrigen Geschichte die Kreishauptstadt von Nafpaktia im Regierungsbezirk Aetoloakarnanias. Dank ihrem malerischen Hafen, ihren sauberen Str\u00e4nden, ihrer Burg, ihrem Wasserreichtum, ihren jahrhundertealten Platanen ist Nafpaktos eine der sch\u00f6nsten St\u00e4dte Griechenlands. Erkunden Sie eine der sch\u00f6nsten Landschaften Griechenlands, von der Natur reichlich gesegnet. Besuchen Sie doch den venezianischen [&hellip;]<\/p>\n","protected":false},"author":1,"featured_media":0,"parent":14,"menu_order":0,"comment_status":"closed","ping_status":"closed","template":"","meta":{"footnotes":""},"class_list":["post-16","page","type-page","status-publish","hentry"],"_links":{"self":[{"href":"https:\/\/www.hotelafroditi.com\/de\/wp-json\/wp\/v2\/pages\/16","targetHints":{"allow":["GET"]}}],"collection":[{"href":"https:\/\/www.hotelafroditi.com\/de\/wp-json\/wp\/v2\/pages"}],"about":[{"href":"https:\/\/www.hotelafroditi.com\/de\/wp-json\/wp\/v2\/types\/page"}],"author":[{"embeddable":true,"href":"https:\/\/www.hotelafroditi.com\/de\/wp-json\/wp\/v2\/users\/1"}],"replies":[{"embeddable":true,"href":"https:\/\/www.hotelafroditi.com\/de\/wp-json\/wp\/v2\/comments?post=16"}],"version-history":[{"count":2,"href":"https:\/\/www.hotelafroditi.com\/de\/wp-json\/wp\/v2\/pages\/16\/revisions"}],"predecessor-version":[{"id":77,"href":"https:\/\/www.hotelafroditi.com\/de\/wp-json\/wp\/v2\/pages\/16\/revisions\/77"}],"up":[{"embeddable":true,"href":"https:\/\/www.hotelafroditi.com\/de\/wp-json\/wp\/v2\/pages\/14"}],"wp:attachment":[{"href":"https:\/\/www.hotelafroditi.com\/de\/wp-json\/wp\/v2\/media?parent=16"}],"curies":[{"name":"wp","href":"https:\/\/api.w.org\/{rel}","templated":true}]}}