{"id":12,"date":"2011-01-14T16:46:12","date_gmt":"2011-01-14T14:46:12","guid":{"rendered":"http:\/\/www.satsilem.com\/hotelafroditi\/"},"modified":"2023-05-02T13:51:19","modified_gmt":"2023-05-02T10:51:19","slug":"%cf%80%ce%b1%cf%81%ce%bf%cf%87%ce%ad%cf%82","status":"publish","type":"page","link":"https:\/\/www.hotelafroditi.com\/de\/%cf%84%ce%bf-%ce%be%ce%b5%ce%bd%ce%bf%ce%b4%ce%bf%cf%87%ce%b5%ce%af%ce%bf\/%cf%80%ce%b1%cf%81%ce%bf%cf%87%ce%ad%cf%82\/","title":{"rendered":"Ausstattung"},"content":{"rendered":"<p><strong>Zimmer<\/strong><br \/>\nBad<br \/>\nKlimaanlage<br \/>\nFernseher<\/p>\n<p><strong>Hotel<\/strong><br \/>\n&#8211; Bar \/ Kaffeehaus<br \/>\n&#8211; Klimatisierte R\u00e4ume<br \/>\n&#8211; Fernseher \u2013 DVD<br \/>\n&#8211; PC mit Internetanschluss<br \/>\n&#8211; Parkgelegenheit<br \/>\n&#8211; 24-st\u00fcndiger Zimmerservice<br \/>\n&#8211; kontinentales Fr\u00fchst\u00fcck<br \/>\n&#8211; Rezeption 24 Stunden ge\u00f6ffnet<br \/>\n&#8211; Gep\u00e4cktransferservice<br \/>\n&#8211; Gep\u00e4ckaufbewahrung in einem separaten Bereich<br \/>\n&#8211; Kostenloser Internetzugang im gesamten Hotel (Gemeinschaftsbereiche, Zimmer, Restaurants, Unterhaltungsbereiche usw.)<br \/>\n&#8211; M\u00f6glichkeit, ein Kinderbett hinzuzuf\u00fcgen<br \/>\n&#8211; Weckdienst oder Ger\u00e4t<br \/>\n&#8211; M\u00f6glichkeit, das Fr\u00fchst\u00fcck in den Zimmern zu servieren<br \/>\n&#8211; Dauer des Fr\u00fchst\u00fccks \u00fcber 3 Stunden<br \/>\n&#8211; Zimmerservice f\u00fcr 12 Stunden<br \/>\n&#8211; Fr\u00fchst\u00fccksservice<br \/>\n&#8211; T\u00e4gliche Zimmerreinigung<br \/>\n&#8211; Zweiter Reinigungsservice (Turndown) am Abend als zus\u00e4tzlicher Zimmercheck<br \/>\n&#8211; Wechsel der Handt\u00fccher auf Anfrage<\/p>","protected":false},"excerpt":{"rendered":"<p>Zimmer Bad Klimaanlage Fernseher Hotel &#8211; Bar \/ Kaffeehaus &#8211; Klimatisierte R\u00e4ume &#8211; Fernseher \u2013 DVD &#8211; PC mit Internetanschluss &#8211; Parkgelegenheit &#8211; 24-st\u00fcndiger Zimmerservice &#8211; kontinentales Fr\u00fchst\u00fcck &#8211; Rezeption 24 Stunden ge\u00f6ffnet &#8211; Gep\u00e4cktransferservice &#8211; Gep\u00e4ckaufbewahrung in einem separaten Bereich &#8211; Kostenloser Internetzugang im gesamten Hotel (Gemeinschaftsbereiche, Zimmer, Restaurants, Unterhaltungsbereiche usw.) &#8211; M\u00f6glichkeit, ein [&hellip;]<\/p>\n","protected":false},"author":1,"featured_media":0,"parent":6,"menu_order":0,"comment_status":"closed","ping_status":"closed","template":"","meta":{"footnotes":""},"class_list":["post-12","page","type-page","status-publish","hentry"],"_links":{"self":[{"href":"https:\/\/www.hotelafroditi.com\/de\/wp-json\/wp\/v2\/pages\/12","targetHints":{"allow":["GET"]}}],"collection":[{"href":"https:\/\/www.hotelafroditi.com\/de\/wp-json\/wp\/v2\/pages"}],"about":[{"href":"https:\/\/www.hotelafroditi.com\/de\/wp-json\/wp\/v2\/types\/page"}],"author":[{"embeddable":true,"href":"https:\/\/www.hotelafroditi.com\/de\/wp-json\/wp\/v2\/users\/1"}],"replies":[{"embeddable":true,"href":"https:\/\/www.hotelafroditi.com\/de\/wp-json\/wp\/v2\/comments?post=12"}],"version-history":[{"count":7,"href":"https:\/\/www.hotelafroditi.com\/de\/wp-json\/wp\/v2\/pages\/12\/revisions"}],"predecessor-version":[{"id":196,"href":"https:\/\/www.hotelafroditi.com\/de\/wp-json\/wp\/v2\/pages\/12\/revisions\/196"}],"up":[{"embeddable":true,"href":"https:\/\/www.hotelafroditi.com\/de\/wp-json\/wp\/v2\/pages\/6"}],"wp:attachment":[{"href":"https:\/\/www.hotelafroditi.com\/de\/wp-json\/wp\/v2\/media?parent=12"}],"curies":[{"name":"wp","href":"https:\/\/api.w.org\/{rel}","templated":true}]}}