{"id":10,"date":"2011-01-14T16:45:18","date_gmt":"2011-01-14T14:45:18","guid":{"rendered":"http:\/\/www.satsilem.com\/hotelafroditi\/"},"modified":"2011-03-15T11:02:20","modified_gmt":"2011-03-15T09:02:20","slug":"%cf%87%cf%8e%cf%81%ce%bf%ce%b9","status":"publish","type":"page","link":"https:\/\/www.hotelafroditi.com\/de\/%cf%84%ce%bf-%ce%be%ce%b5%ce%bd%ce%bf%ce%b4%ce%bf%cf%87%ce%b5%ce%af%ce%bf\/%cf%87%cf%8e%cf%81%ce%bf%ce%b9\/","title":{"rendered":"Das Hotel"},"content":{"rendered":"<p>Mit seinem Schatz an Erfahrung im Fremdenverkehr steht das Hotel sowie dessen Personal bereit, Ihnen und Ihren Bed\u00fcrfnissen entgegen zu kommen, indem es Ihnen innerhalb seiner Anlagen jeden modernen Komfort darbietet, um Ihnen einen qualitativ hochgradigen Aufenthalt in Nafpaktos zu erm\u00f6glichen. Unser Hotel verf\u00fcgt \u00fcber einen 24-st\u00fcndigen Zimmerservice, einen gro\u00dfen Speisesaal, in dem Ihnen ein Kontinentales Fr\u00fchst\u00fcck serviert wird, eine Bar zum Genuss Ihres Lieblingsgetr\u00e4nkes sowie zwei Aufenthaltsr\u00e4ume, ausgestattet mit Video, DVD, TV. Au\u00dferdem besteht die M\u00f6glichkeit des Internetzugangs an zwei Personalcomputer.<\/p>","protected":false},"excerpt":{"rendered":"<p>Mit seinem Schatz an Erfahrung im Fremdenverkehr steht das Hotel sowie dessen Personal bereit, Ihnen und Ihren Bed\u00fcrfnissen entgegen zu kommen, indem es Ihnen innerhalb seiner Anlagen jeden modernen Komfort darbietet, um Ihnen einen qualitativ hochgradigen Aufenthalt in Nafpaktos zu erm\u00f6glichen. Unser Hotel verf\u00fcgt \u00fcber einen 24-st\u00fcndigen Zimmerservice, einen gro\u00dfen Speisesaal, in dem Ihnen ein [&hellip;]<\/p>\n","protected":false},"author":1,"featured_media":0,"parent":6,"menu_order":0,"comment_status":"closed","ping_status":"closed","template":"","meta":{"footnotes":""},"class_list":["post-10","page","type-page","status-publish","hentry"],"_links":{"self":[{"href":"https:\/\/www.hotelafroditi.com\/de\/wp-json\/wp\/v2\/pages\/10","targetHints":{"allow":["GET"]}}],"collection":[{"href":"https:\/\/www.hotelafroditi.com\/de\/wp-json\/wp\/v2\/pages"}],"about":[{"href":"https:\/\/www.hotelafroditi.com\/de\/wp-json\/wp\/v2\/types\/page"}],"author":[{"embeddable":true,"href":"https:\/\/www.hotelafroditi.com\/de\/wp-json\/wp\/v2\/users\/1"}],"replies":[{"embeddable":true,"href":"https:\/\/www.hotelafroditi.com\/de\/wp-json\/wp\/v2\/comments?post=10"}],"version-history":[{"count":2,"href":"https:\/\/www.hotelafroditi.com\/de\/wp-json\/wp\/v2\/pages\/10\/revisions"}],"predecessor-version":[{"id":82,"href":"https:\/\/www.hotelafroditi.com\/de\/wp-json\/wp\/v2\/pages\/10\/revisions\/82"}],"up":[{"embeddable":true,"href":"https:\/\/www.hotelafroditi.com\/de\/wp-json\/wp\/v2\/pages\/6"}],"wp:attachment":[{"href":"https:\/\/www.hotelafroditi.com\/de\/wp-json\/wp\/v2\/media?parent=10"}],"curies":[{"name":"wp","href":"https:\/\/api.w.org\/{rel}","templated":true}]}}